{"id":1222,"date":"2022-11-21T23:38:25","date_gmt":"2022-11-21T22:38:25","guid":{"rendered":"https:\/\/consolisas.it\/?page_id=1222"},"modified":"2022-11-21T23:38:25","modified_gmt":"2022-11-21T22:38:25","slug":"home","status":"publish","type":"page","link":"https:\/\/consolisas.it\/de\/","title":{"rendered":"HOME"},"content":{"rendered":"\n\n\t<h5>\n\t\t\t\tSEIT \u00dcBER 50 JAHREN KOMPETENT, VIELSEITIG, P\u00dcNKTLICH&#8230; MIT QUALIT\u00c4T\n\t\t\t<\/h5>\n\t<h1>\n\t\t\t\tEntw\u00fcrfe und Metallkonstruktionen\n\t\t\t<\/h1>\n\t\t\t<a href=\"https:\/\/consolisas.it\/progetti\/\" target=\"_self\" role=\"button\" rel=\"noopener\">\n\t\t\t\t\t\t\tPROGETTI\n\t\t<\/a>\n\t<h5>\n\t\t\t\tUNSER UNTERNEHMEN\n\t\t\t<\/h5>\n\t<h2>\n\t\t\t\tEin Qualit\u00e4tspartner seit \u00fcber 50 Jahren.<br \/><br \/> Wir besch\u00e4ftigen uns mit der Bearbeitung und Planung von Sonderteilen.\n\t\t\t<\/h2>\n\t<p>Wir k\u00f6nnen Paralleldrehen bis zu einem maximalen Durchmesser von 1250 mm und Fr\u00e4sen von 2000 mm x 1000 mm ausf\u00fchren.<\/p>\n<p>Wir verf\u00fcgen \u00fcber einen CNC-Fr\u00e4se mit einer Kapazit\u00e4t von 1500 mm x 700 mm und in K\u00fcrze trifft eine neue selbstlernende Drehmaschine mit einer Kapazit\u00e4t von 680 mm ein, beide unterst\u00fctzt von einer CAD-CAM-Station.<\/p>\n\t<p><em>Zur Verf\u00fcgung.<\/em><\/p>\n\t\t\t<a href=\"https:\/\/consolisas.it\/contatti\/\" target=\"_self\" role=\"button\" rel=\"noopener\">\n\t\t\t\t\t\t\tKONTAKTDATEN\n\t\t<\/a>\n\t<h5>\n\t\t\t\tUNSERE WERKSTATT\n\t\t\t<\/h5>\n\t<h2>\n\t\t\t\t<a href=\"https:\/\/www.google.com\/maps\/place\/Via+Margherita+de+Vizzi+Vigan\u00f2,+26,+20092+Cinisello+Balsamo+MI\/@45.5602173,9.2285067,17z\/data=!3m1!4b1!4m5!3m4!1s0x4786b8db3f049999:0x1df18c3a0e6407c9!8m2!3d45.5602136!4d9.2307007\" title=\"Cinisello Balsamo (Mailand) Italien\" target=\"_blank\" rel=\"noopener\">\n\t\t\t\tCinisello Balsamo (Mailand) Italien\n\t\t\t\t<\/a>\n\t\t\t<\/h2>\n\t<h5>\n\t\t\t\tUNSERE PRODUKTE\n\t\t\t<\/h5>\n\t<h4>\n\t\t\t\tGUSSTEILE\n\t\t\t<\/h4>\n\t\t<p>Wir k\u00f6nnen Sie auch bei der Lieferung von Modellen und entsprechenden Gussteilen unterst\u00fctzen.<\/p>\n\t<h4>\n\t\t\t\tAUFTR\u00c4GE ODER MUSTER\n\t\t\t<\/h4>\n\t\t<p>Ausgehend von Mustern oder technischen Spezifikationen stellen wir kundenspezifische Arbeiten aus.<\/p>\n\t<h4>\n\t\t\t\tSONSTIGE ARBEITEN\n\t\t\t<\/h4>\n\t\t<p>&nbsp;<\/p>\n<ul>\n<li>Entwurf kleiner Maschinen.<\/li>\n<li>Prototypen und Einzelheiten f\u00fcr R&#038;D<\/li>\n<li>Einzelheiten f\u00fcr Tests an Materialien gem\u00e4\u00df den Normen UNI, DIN, ASTM, BISFA.<\/li>\n<li>Reverse Engineering.<\/li>\n<li>Ausr\u00fcstungen und Sonderteile nach Kundenspezifikation, gem\u00e4\u00df \u201eCE&#8220;-Gesetzgebung.<\/li>\n<li>Beratung<\/li>\n<\/ul>\n<p>&nbsp;<\/p>\n<p>&nbsp;<\/p>\n\t<h2>Wir sind in der Lage, alle wichtigsten Materialien zu verarbeiten, zus\u00e4tzliche Bearbeitungen vorzunehmen und mechanische und  pneumatische Montagearbeiten durchzuf\u00fchren..<\/h2>\n\t\t\t<a href=\"https:\/\/consolisas.it\/parco-macchine\/\" target=\"_self\" role=\"button\" rel=\"noopener\">\n\t\t\t\t\t\t\tMASCHINENPARK\n\t\t<\/a>\n\t<h5>\n\t\t\t\tF\u00dcR WEN ARBEITEN WIR\n\t\t\t<\/h5>\n\t<h2>\n\t\t\t\tSektoren\n\t\t\t<\/h2>\n\t\t\t\t<img decoding=\"async\" src=\"https:\/\/consolisas.it\/wp-content\/uploads\/2021\/01\/Oil-and-Gas-350.jpg\" alt=\"Oil-and-Gas-350\" title=\"Oil-and-Gas-350\" itemprop=\"image\"\/>\n\t<h4>\n\t\t\t\t\u00d6L &#038; GAS\n\t\t\t<\/h4>\n\t\t<p>Pumpenteile, Laufr\u00e4der, Stopfbuchsen, Lagerst\u00fctzen, Diffusoren, Rohrleitungsteile.<\/p>\n\t\t\t\t<img decoding=\"async\" src=\"https:\/\/consolisas.it\/wp-content\/uploads\/2021\/01\/testing-350.jpg\" alt=\"Fatigue testing machine \/ dynamic \/ servo-hydraulic\" title=\"Fatigue testing machine \/ dynamic \/ servo-hydraulic\" itemprop=\"image\"\/>\n\t<h4>\n\t\t\t\tTESTING\n\t\t\t<\/h4>\n\t\t<p>Ausstattungen nach allen Normen, Zugversuche, Adapter, Spannfl\u00e4chen.<\/p>\n\t\t\t\t<img decoding=\"async\" src=\"https:\/\/consolisas.it\/wp-content\/uploads\/2021\/01\/automotive-350.jpg\" alt=\"automotive-350\" title=\"automotive-350\" itemprop=\"image\"\/>\n\t<h4>\n\t\t\t\tAUTOMOBILINDUSTRIE\n\t\t\t<\/h4>\n\t\t<p>Ersatzteile und Ausr\u00fcstungen f\u00fcr Baumaschinen und Bearbeitung von Autoteilen.<\/p>\n\t\t\t\t<img decoding=\"async\" src=\"https:\/\/consolisas.it\/wp-content\/uploads\/2021\/01\/industria-della-gomma-350.jpg\" alt=\"industria-della-gomma-350\" title=\"industria-della-gomma-350\" itemprop=\"image\"\/>\n\t<h4>\n\t\t\t\tGUMMIINDUSTRIE\n\t\t\t<\/h4>\n\t\t<p>Ersatzteile und Ausr\u00fcstungen f\u00fcr Baumaschinen und Reifenverarbeitung.<\/p>\n\t\t\t\t<img decoding=\"async\" src=\"https:\/\/consolisas.it\/wp-content\/uploads\/2021\/01\/industria-della-stampa-350.jpg\" alt=\"industria-della-stampa-350\" title=\"industria-della-stampa-350\" itemprop=\"image\"\/>\n\t<h4>\n\t\t\t\tDRUCKINDUSTRIE\n\t\t\t<\/h4>\n\t\t<p>Ersatzteile f\u00fcr Rotationsdruckmaschinen, Verpackungsmaschinen und Druckmaschinen.<\/p>\n\t<h3>\n\t\t\t\tWenn Sie Fragen haben, z\u00f6gern Sie nicht, uns zu kontaktieren.\n\t\t\t<\/h3>\n\t\t\t<a href=\"https:\/\/consolisas.it\/contatti\/\" target=\"_self\" role=\"button\" rel=\"noopener\">\n\t\t\t\t\t\t\tKONTAKTDATEN\n\t\t<\/a>\n\n","protected":false},"excerpt":{"rendered":"<p>SEIT \u00dcBER 50 JAHREN KOMPETENT, VIELSEITIG, P\u00dcNKTLICH&#8230; MIT QUALIT\u00c4T Entw\u00fcrfe und Metallkonstruktionen PROGETTI UNSER UNTERNEHMEN Ein Qualit\u00e4tspartner seit \u00fcber 50 Jahren. Wir besch\u00e4ftigen uns mit der Bearbeitung und Planung von Sonderteilen. Wir k\u00f6nnen Paralleldrehen bis zu einem maximalen Durchmesser von 1250 mm und Fr\u00e4sen von 2000 mm x 1000 mm ausf\u00fchren. Wir verf\u00fcgen \u00fcber einen [&hellip;]<\/p>\n","protected":false},"author":1,"featured_media":0,"parent":0,"menu_order":0,"comment_status":"closed","ping_status":"closed","template":"","meta":{"site-sidebar-layout":"no-sidebar","site-content-layout":"page-builder","ast-site-content-layout":"default","site-content-style":"default","site-sidebar-style":"default","ast-global-header-display":"","ast-banner-title-visibility":"","ast-main-header-display":"","ast-hfb-above-header-display":"","ast-hfb-below-header-display":"","ast-hfb-mobile-header-display":"","site-post-title":"disabled","ast-breadcrumbs-content":"","ast-featured-img":"disabled","footer-sml-layout":"","ast-disable-related-posts":"","theme-transparent-header-meta":"enabled","adv-header-id-meta":"","stick-header-meta":"default","header-above-stick-meta":"","header-main-stick-meta":"","header-below-stick-meta":"","astra-migrate-meta-layouts":"default","ast-page-background-enabled":"default","ast-page-background-meta":{"desktop":{"background-color":"","background-image":"","background-repeat":"repeat","background-position":"center center","background-size":"auto","background-attachment":"scroll","background-type":"","background-media":"","overlay-type":"","overlay-color":"","overlay-opacity":"","overlay-gradient":""},"tablet":{"background-color":"","background-image":"","background-repeat":"repeat","background-position":"center center","background-size":"auto","background-attachment":"scroll","background-type":"","background-media":"","overlay-type":"","overlay-color":"","overlay-opacity":"","overlay-gradient":""},"mobile":{"background-color":"","background-image":"","background-repeat":"repeat","background-position":"center center","background-size":"auto","background-attachment":"scroll","background-type":"","background-media":"","overlay-type":"","overlay-color":"","overlay-opacity":"","overlay-gradient":""}},"ast-content-background-meta":{"desktop":{"background-color":"var(--ast-global-color-5)","background-image":"","background-repeat":"repeat","background-position":"center center","background-size":"auto","background-attachment":"scroll","background-type":"","background-media":"","overlay-type":"","overlay-color":"","overlay-opacity":"","overlay-gradient":""},"tablet":{"background-color":"var(--ast-global-color-5)","background-image":"","background-repeat":"repeat","background-position":"center center","background-size":"auto","background-attachment":"scroll","background-type":"","background-media":"","overlay-type":"","overlay-color":"","overlay-opacity":"","overlay-gradient":""},"mobile":{"background-color":"var(--ast-global-color-5)","background-image":"","background-repeat":"repeat","background-position":"center center","background-size":"auto","background-attachment":"scroll","background-type":"","background-media":"","overlay-type":"","overlay-color":"","overlay-opacity":"","overlay-gradient":""}},"footnotes":""},"class_list":["post-1222","page","type-page","status-publish","hentry"],"yoast_head":"<!-- This site is optimized with the Yoast SEO plugin v27.3 - https:\/\/yoast.com\/product\/yoast-seo-wordpress\/ -->\n<title>HOME - Consoli Francesco SAS<\/title>\n<meta name=\"robots\" content=\"index, follow, max-snippet:-1, max-image-preview:large, max-video-preview:-1\" \/>\n<link rel=\"canonical\" href=\"https:\/\/consolisas.it\/de\/\" \/>\n<meta property=\"og:locale\" content=\"de_DE\" \/>\n<meta property=\"og:type\" content=\"article\" \/>\n<meta property=\"og:title\" content=\"HOME - Consoli Francesco SAS\" \/>\n<meta property=\"og:description\" content=\"SEIT \u00dcBER 50 JAHREN KOMPETENT, VIELSEITIG, P\u00dcNKTLICH&#8230; MIT QUALIT\u00c4T Entw\u00fcrfe und Metallkonstruktionen PROGETTI UNSER UNTERNEHMEN Ein Qualit\u00e4tspartner seit \u00fcber 50 Jahren. Wir besch\u00e4ftigen uns mit der Bearbeitung und Planung von Sonderteilen. Wir k\u00f6nnen Paralleldrehen bis zu einem maximalen Durchmesser von 1250 mm und Fr\u00e4sen von 2000 mm x 1000 mm ausf\u00fchren. Wir verf\u00fcgen \u00fcber einen [&hellip;]\" \/>\n<meta property=\"og:url\" content=\"https:\/\/consolisas.it\/de\/\" \/>\n<meta property=\"og:site_name\" content=\"Consoli Francesco SAS\" \/>\n<meta property=\"og:image\" content=\"https:\/\/consolisas.it\/wp-content\/uploads\/2021\/01\/Oil-and-Gas-350.jpg\" \/>\n<meta name=\"twitter:card\" content=\"summary_large_image\" \/>\n<meta name=\"twitter:label1\" content=\"Gesch\u00e4tzte Lesezeit\" \/>\n\t<meta name=\"twitter:data1\" content=\"3\u00a0Minuten\" \/>\n<script type=\"application\/ld+json\" class=\"yoast-schema-graph\">{\"@context\":\"https:\\\/\\\/schema.org\",\"@graph\":[{\"@type\":\"WebPage\",\"@id\":\"https:\\\/\\\/consolisas.it\\\/de\\\/\",\"url\":\"https:\\\/\\\/consolisas.it\\\/de\\\/\",\"name\":\"HOME - Consoli Francesco SAS\",\"isPartOf\":{\"@id\":\"https:\\\/\\\/consolisas.it\\\/en\\\/#website\"},\"primaryImageOfPage\":{\"@id\":\"https:\\\/\\\/consolisas.it\\\/de\\\/#primaryimage\"},\"image\":{\"@id\":\"https:\\\/\\\/consolisas.it\\\/de\\\/#primaryimage\"},\"thumbnailUrl\":\"https:\\\/\\\/consolisas.it\\\/wp-content\\\/uploads\\\/2021\\\/01\\\/Oil-and-Gas-350.jpg\",\"datePublished\":\"2022-11-21T22:38:25+00:00\",\"breadcrumb\":{\"@id\":\"https:\\\/\\\/consolisas.it\\\/de\\\/#breadcrumb\"},\"inLanguage\":\"de\",\"potentialAction\":[{\"@type\":\"ReadAction\",\"target\":[\"https:\\\/\\\/consolisas.it\\\/de\\\/\"]}]},{\"@type\":\"ImageObject\",\"inLanguage\":\"de\",\"@id\":\"https:\\\/\\\/consolisas.it\\\/de\\\/#primaryimage\",\"url\":\"https:\\\/\\\/consolisas.it\\\/wp-content\\\/uploads\\\/2021\\\/01\\\/Oil-and-Gas-350.jpg\",\"contentUrl\":\"https:\\\/\\\/consolisas.it\\\/wp-content\\\/uploads\\\/2021\\\/01\\\/Oil-and-Gas-350.jpg\"},{\"@type\":\"BreadcrumbList\",\"@id\":\"https:\\\/\\\/consolisas.it\\\/de\\\/#breadcrumb\",\"itemListElement\":[{\"@type\":\"ListItem\",\"position\":1,\"name\":\"Home\",\"item\":\"https:\\\/\\\/consolisas.it\\\/de\\\/\"},{\"@type\":\"ListItem\",\"position\":2,\"name\":\"HOME\"}]},{\"@type\":\"WebSite\",\"@id\":\"https:\\\/\\\/consolisas.it\\\/en\\\/#website\",\"url\":\"https:\\\/\\\/consolisas.it\\\/en\\\/\",\"name\":\"Consoli Francesco SAS\",\"description\":\"Progettazione e Costruzioni Meccaniche\",\"publisher\":{\"@id\":\"https:\\\/\\\/consolisas.it\\\/en\\\/#organization\"},\"potentialAction\":[{\"@type\":\"SearchAction\",\"target\":{\"@type\":\"EntryPoint\",\"urlTemplate\":\"https:\\\/\\\/consolisas.it\\\/en\\\/?s={search_term_string}\"},\"query-input\":{\"@type\":\"PropertyValueSpecification\",\"valueRequired\":true,\"valueName\":\"search_term_string\"}}],\"inLanguage\":\"de\"},{\"@type\":\"Organization\",\"@id\":\"https:\\\/\\\/consolisas.it\\\/en\\\/#organization\",\"name\":\"Consoli Francesco SAS\",\"url\":\"https:\\\/\\\/consolisas.it\\\/en\\\/\",\"logo\":{\"@type\":\"ImageObject\",\"inLanguage\":\"de\",\"@id\":\"https:\\\/\\\/consolisas.it\\\/en\\\/#\\\/schema\\\/logo\\\/image\\\/\",\"url\":\"https:\\\/\\\/consolisas.it\\\/wp-content\\\/uploads\\\/2019\\\/07\\\/cropped-consoli-francesco-logo-let-bianche.png\",\"contentUrl\":\"https:\\\/\\\/consolisas.it\\\/wp-content\\\/uploads\\\/2019\\\/07\\\/cropped-consoli-francesco-logo-let-bianche.png\",\"width\":235,\"height\":182,\"caption\":\"Consoli Francesco SAS\"},\"image\":{\"@id\":\"https:\\\/\\\/consolisas.it\\\/en\\\/#\\\/schema\\\/logo\\\/image\\\/\"}}]}<\/script>\n<!-- \/ Yoast SEO plugin. -->","yoast_head_json":{"title":"HOME - Consoli Francesco SAS","robots":{"index":"index","follow":"follow","max-snippet":"max-snippet:-1","max-image-preview":"max-image-preview:large","max-video-preview":"max-video-preview:-1"},"canonical":"https:\/\/consolisas.it\/de\/","og_locale":"de_DE","og_type":"article","og_title":"HOME - Consoli Francesco SAS","og_description":"SEIT \u00dcBER 50 JAHREN KOMPETENT, VIELSEITIG, P\u00dcNKTLICH&#8230; MIT QUALIT\u00c4T Entw\u00fcrfe und Metallkonstruktionen PROGETTI UNSER UNTERNEHMEN Ein Qualit\u00e4tspartner seit \u00fcber 50 Jahren. Wir besch\u00e4ftigen uns mit der Bearbeitung und Planung von Sonderteilen. Wir k\u00f6nnen Paralleldrehen bis zu einem maximalen Durchmesser von 1250 mm und Fr\u00e4sen von 2000 mm x 1000 mm ausf\u00fchren. Wir verf\u00fcgen \u00fcber einen [&hellip;]","og_url":"https:\/\/consolisas.it\/de\/","og_site_name":"Consoli Francesco SAS","og_image":[{"url":"https:\/\/consolisas.it\/wp-content\/uploads\/2021\/01\/Oil-and-Gas-350.jpg","type":"","width":"","height":""}],"twitter_card":"summary_large_image","twitter_misc":{"Gesch\u00e4tzte Lesezeit":"3\u00a0Minuten"},"schema":{"@context":"https:\/\/schema.org","@graph":[{"@type":"WebPage","@id":"https:\/\/consolisas.it\/de\/","url":"https:\/\/consolisas.it\/de\/","name":"HOME - Consoli Francesco SAS","isPartOf":{"@id":"https:\/\/consolisas.it\/en\/#website"},"primaryImageOfPage":{"@id":"https:\/\/consolisas.it\/de\/#primaryimage"},"image":{"@id":"https:\/\/consolisas.it\/de\/#primaryimage"},"thumbnailUrl":"https:\/\/consolisas.it\/wp-content\/uploads\/2021\/01\/Oil-and-Gas-350.jpg","datePublished":"2022-11-21T22:38:25+00:00","breadcrumb":{"@id":"https:\/\/consolisas.it\/de\/#breadcrumb"},"inLanguage":"de","potentialAction":[{"@type":"ReadAction","target":["https:\/\/consolisas.it\/de\/"]}]},{"@type":"ImageObject","inLanguage":"de","@id":"https:\/\/consolisas.it\/de\/#primaryimage","url":"https:\/\/consolisas.it\/wp-content\/uploads\/2021\/01\/Oil-and-Gas-350.jpg","contentUrl":"https:\/\/consolisas.it\/wp-content\/uploads\/2021\/01\/Oil-and-Gas-350.jpg"},{"@type":"BreadcrumbList","@id":"https:\/\/consolisas.it\/de\/#breadcrumb","itemListElement":[{"@type":"ListItem","position":1,"name":"Home","item":"https:\/\/consolisas.it\/de\/"},{"@type":"ListItem","position":2,"name":"HOME"}]},{"@type":"WebSite","@id":"https:\/\/consolisas.it\/en\/#website","url":"https:\/\/consolisas.it\/en\/","name":"Consoli Francesco SAS","description":"Progettazione e Costruzioni Meccaniche","publisher":{"@id":"https:\/\/consolisas.it\/en\/#organization"},"potentialAction":[{"@type":"SearchAction","target":{"@type":"EntryPoint","urlTemplate":"https:\/\/consolisas.it\/en\/?s={search_term_string}"},"query-input":{"@type":"PropertyValueSpecification","valueRequired":true,"valueName":"search_term_string"}}],"inLanguage":"de"},{"@type":"Organization","@id":"https:\/\/consolisas.it\/en\/#organization","name":"Consoli Francesco SAS","url":"https:\/\/consolisas.it\/en\/","logo":{"@type":"ImageObject","inLanguage":"de","@id":"https:\/\/consolisas.it\/en\/#\/schema\/logo\/image\/","url":"https:\/\/consolisas.it\/wp-content\/uploads\/2019\/07\/cropped-consoli-francesco-logo-let-bianche.png","contentUrl":"https:\/\/consolisas.it\/wp-content\/uploads\/2019\/07\/cropped-consoli-francesco-logo-let-bianche.png","width":235,"height":182,"caption":"Consoli Francesco SAS"},"image":{"@id":"https:\/\/consolisas.it\/en\/#\/schema\/logo\/image\/"}}]}},"_links":{"self":[{"href":"https:\/\/consolisas.it\/de\/wp-json\/wp\/v2\/pages\/1222","targetHints":{"allow":["GET"]}}],"collection":[{"href":"https:\/\/consolisas.it\/de\/wp-json\/wp\/v2\/pages"}],"about":[{"href":"https:\/\/consolisas.it\/de\/wp-json\/wp\/v2\/types\/page"}],"author":[{"embeddable":true,"href":"https:\/\/consolisas.it\/de\/wp-json\/wp\/v2\/users\/1"}],"replies":[{"embeddable":true,"href":"https:\/\/consolisas.it\/de\/wp-json\/wp\/v2\/comments?post=1222"}],"version-history":[{"count":6,"href":"https:\/\/consolisas.it\/de\/wp-json\/wp\/v2\/pages\/1222\/revisions"}],"predecessor-version":[{"id":1252,"href":"https:\/\/consolisas.it\/de\/wp-json\/wp\/v2\/pages\/1222\/revisions\/1252"}],"wp:attachment":[{"href":"https:\/\/consolisas.it\/de\/wp-json\/wp\/v2\/media?parent=1222"}],"curies":[{"name":"wp","href":"https:\/\/api.w.org\/{rel}","templated":true}]}}